{"id":60,"date":"2018-07-16T16:17:48","date_gmt":"2018-07-16T16:17:48","guid":{"rendered":"https:\/\/vvittoriajewels.com\/?page_id=60"},"modified":"2023-01-17T20:16:50","modified_gmt":"2023-01-17T20:16:50","slug":"about","status":"publish","type":"page","link":"https:\/\/vvittoriajewels.com\/?page_id=60","title":{"rendered":"About"},"content":{"rendered":"\t\t<div data-elementor-type=\"wp-post\" data-elementor-id=\"60\" class=\"elementor elementor-60\">\n\t\t\t\t\t\t<div class=\"elementor-inner\">\n\t\t\t\t<div class=\"elementor-section-wrap\">\n\t\t\t\t\t\t\t\t\t<section class=\"elementor-section elementor-top-section elementor-element elementor-element-223feba elementor-section-boxed elementor-section-height-default elementor-section-height-default\" data-id=\"223feba\" data-element_type=\"section\">\n\t\t\t\t\t\t<div class=\"elementor-container elementor-column-gap-default\">\n\t\t\t\t\t\t\t<div class=\"elementor-row\">\n\t\t\t\t\t<div class=\"aux-parallax-section elementor-column elementor-col-100 elementor-top-column elementor-element elementor-element-e492f68\" data-id=\"e492f68\" data-element_type=\"column\">\n\t\t\t<div class=\"elementor-column-wrap elementor-element-populated\">\n\t\t\t\t\t\t\t<div class=\"elementor-widget-wrap\">\n\t\t\t\t\t\t<div class=\"elementor-element elementor-element-69c7fc0 aux-appear-watch-animation aux-fade-in-up elementor-widget elementor-widget-aux_modern_heading\" data-id=\"69c7fc0\" data-element_type=\"widget\" data-widget_type=\"aux_modern_heading.default\">\n\t\t\t\t<div class=\"elementor-widget-container\">\n\t\t\t<section class=\"aux-widget-modern-heading\">\n            <div class=\"aux-widget-inner\"><h2 class=\"aux-modern-heading-primary\">CHI SIAMO<\/h2><div class=\"aux-modern-heading-description\"><p><strong>V.vittoria \u00e8 una piccola ed elegante boutique che vende gioielli tutti made in italy che vestono chi li indossa, catturando l'attenzione di chi li guarda, manifestando l'eleganza con gioglielli essenziali ma abbastanza audaci da farsi notare, capaci di essere indossati ogni giorno, in due parole cerchiamo di essere una espressione di femminilit\u00e0 e di eleganza. Quello che cerchiamo di fare \u00e8 interpretare i gusti e i desideri dei nostri clienti con l'abilit\u00e0 e la creativit\u00e0 delle nostre aziende italiane.<\/strong> (Lilli &amp; Massimo)<\/p><\/div><\/div>\n        <\/section>\t\t<\/div>\n\t\t\t\t<\/div>\n\t\t\t\t<div class=\"elementor-element elementor-element-8240bf8 aux-appear-watch-animation aux-scale-down elementor-widget elementor-widget-aux_image\" data-id=\"8240bf8\" data-element_type=\"widget\" data-widget_type=\"aux_image.default\">\n\t\t\t\t<div class=\"elementor-widget-container\">\n\t\t\t<section class=\"widget-container aux-widget-image aux-alignnone aux-parent-aua5ac1d39\">\n    <div class=\"aux-media-hint-frame \">\n        <div class=\"aux-media-image \" >\n        \n            \n\n            \n            <img decoding=\"async\" loading=\"lazy\" width=\"800\" height=\"533\" src=\"image\/gif;base64,R0lGODlhAQABAIAAAAAAAP\/\/\/yH5BAEAAAAALAAAAAABAAEAAAIBRAA7\" class=\"aux-attachment aux-featured-image aux-attachment-id-377 aux-preload aux-blank\" alt=\"14e3fe2d-3b8c-42bb-8120-d30f2a521274\" data-ratio=\"1.5\" data-original-w=\"1600\" sizes=\"auto\" data-srcset=\"https:\/\/vvittoriajewels.com\/wp-content\/uploads\/2023\/01\/14e3fe2d-3b8c-42bb-8120-d30f2a521274-150x100.jpg 150w,https:\/\/vvittoriajewels.com\/wp-content\/uploads\/2023\/01\/14e3fe2d-3b8c-42bb-8120-d30f2a521274-300x200.jpg 300w,https:\/\/vvittoriajewels.com\/wp-content\/uploads\/2023\/01\/14e3fe2d-3b8c-42bb-8120-d30f2a521274-768x512.jpg 768w,https:\/\/vvittoriajewels.com\/wp-content\/uploads\/2023\/01\/14e3fe2d-3b8c-42bb-8120-d30f2a521274-1024x682.jpg 1024w,https:\/\/vvittoriajewels.com\/wp-content\/uploads\/2023\/01\/14e3fe2d-3b8c-42bb-8120-d30f2a521274-800x533.jpg 800w\" data-src=\"https:\/\/vvittoriajewels.com\/wp-content\/uploads\/2023\/01\/14e3fe2d-3b8c-42bb-8120-d30f2a521274-800x533.jpg\" \/>            \n                <\/div>\n    <\/div>\n\n<\/section><!-- widget-container -->\t\t<\/div>\n\t\t\t\t<\/div>\n\t\t\t\t<div class=\"elementor-element elementor-element-dfb842c aux-appear-watch-animation aux-fade-in-up elementor-widget elementor-widget-text-editor\" data-id=\"dfb842c\" data-element_type=\"widget\" data-widget_type=\"text-editor.default\">\n\t\t\t\t<div class=\"elementor-widget-container\">\n\t\t\t\t\t\t\t\t<div class=\"elementor-text-editor elementor-clearfix\">\n\t\t\t\t<blockquote><p><em><strong>\u201cnon rinunciare ai propri\u00a0sogni&#8221;<\/strong><\/em><\/p><\/blockquote>\t\t\t\t\t<\/div>\n\t\t\t\t\t\t<\/div>\n\t\t\t\t<\/div>\n\t\t\t\t\t\t<\/div>\n\t\t\t\t\t<\/div>\n\t\t<\/div>\n\t\t\t\t\t\t\t\t<\/div>\n\t\t\t\t\t<\/div>\n\t\t<\/section>\n\t\t\t\t<section class=\"elementor-section elementor-top-section elementor-element elementor-element-66b7d517 elementor-section-full_width elementor-section-height-default elementor-section-height-default\" data-id=\"66b7d517\" data-element_type=\"section\" data-settings=\"{&quot;background_background&quot;:&quot;classic&quot;}\">\n\t\t\t\t\t\t<div class=\"elementor-container elementor-column-gap-default\">\n\t\t\t\t\t\t\t<div class=\"elementor-row\">\n\t\t\t\t\t<div class=\"aux-parallax-section elementor-column elementor-col-100 elementor-top-column elementor-element elementor-element-9d3cd\" data-id=\"9d3cd\" data-element_type=\"column\">\n\t\t\t<div class=\"elementor-column-wrap elementor-element-populated\">\n\t\t\t\t\t\t\t<div class=\"elementor-widget-wrap\">\n\t\t\t\t\t\t<div class=\"elementor-element elementor-element-2d8e1d7a elementor-widget elementor-widget-aux_modern_heading\" data-id=\"2d8e1d7a\" data-element_type=\"widget\" data-widget_type=\"aux_modern_heading.default\">\n\t\t\t\t<div class=\"elementor-widget-container\">\n\t\t\t<section class=\"aux-widget-modern-heading\">\n            <div class=\"aux-widget-inner\"><h2 class=\"aux-modern-heading-primary\"><\/h2><h3 class=\"aux-modern-heading-secondary\"><span class=\"aux-head-before\">PASSIONE | VISIONE | AMORE <\/span><\/h3><\/div>\n        <\/section>\t\t<\/div>\n\t\t\t\t<\/div>\n\t\t\t\t\t\t<\/div>\n\t\t\t\t\t<\/div>\n\t\t<\/div>\n\t\t\t\t\t\t\t\t<\/div>\n\t\t\t\t\t<\/div>\n\t\t<\/section>\n\t\t\t\t\t\t\t\t\t<\/div>\n\t\t\t<\/div>\n\t\t\t\t\t<\/div>\n\t\t","protected":false},"excerpt":{"rendered":"<p>CHI SIAMO V.vittoria \u00e8 una piccola ed elegante boutique che vende gioielli tutti made in italy che vestono chi li indossa, catturando l&#8217;attenzione di chi li guarda, manifestando l&#8217;eleganza con gioglielli essenziali ma abbastanza audaci da farsi notare, capaci di essere indossati ogni giorno, in due parole cerchiamo di essere una espressione di femminilit\u00e0 e [&hellip;]<\/p>\n","protected":false},"author":1,"featured_media":0,"parent":0,"menu_order":0,"comment_status":"closed","ping_status":"closed","template":"","meta":[],"yoast_head":"<!-- This site is optimized with the Yoast SEO plugin v19.14 - https:\/\/yoast.com\/wordpress\/plugins\/seo\/ -->\n<title>About - V.Vittoria Jewels<\/title>\n<meta name=\"robots\" content=\"index, follow, max-snippet:-1, max-image-preview:large, max-video-preview:-1\" \/>\n<link rel=\"canonical\" href=\"https:\/\/vvittoriajewels.com\/?page_id=60\" \/>\n<meta property=\"og:locale\" content=\"en_US\" \/>\n<meta property=\"og:type\" content=\"article\" \/>\n<meta property=\"og:title\" content=\"About - V.Vittoria Jewels\" \/>\n<meta property=\"og:description\" content=\"CHI SIAMO V.vittoria \u00e8 una piccola ed elegante boutique che vende gioielli tutti made in italy che vestono chi li indossa, catturando l&#8217;attenzione di chi li guarda, manifestando l&#8217;eleganza con gioglielli essenziali ma abbastanza audaci da farsi notare, capaci di essere indossati ogni giorno, in due parole cerchiamo di essere una espressione di femminilit\u00e0 e [&hellip;]\" \/>\n<meta property=\"og:url\" content=\"https:\/\/vvittoriajewels.com\/?page_id=60\" \/>\n<meta property=\"og:site_name\" content=\"V.Vittoria Jewels\" \/>\n<meta property=\"article:modified_time\" content=\"2023-01-17T20:16:50+00:00\" \/>\n<meta name=\"twitter:card\" content=\"summary_large_image\" \/>\n<meta name=\"twitter:label1\" content=\"Est. reading time\" \/>\n\t<meta name=\"twitter:data1\" content=\"1 minute\" \/>\n<script type=\"application\/ld+json\" class=\"yoast-schema-graph\">{\"@context\":\"https:\/\/schema.org\",\"@graph\":[{\"@type\":\"WebPage\",\"@id\":\"https:\/\/vvittoriajewels.com\/?page_id=60\",\"url\":\"https:\/\/vvittoriajewels.com\/?page_id=60\",\"name\":\"About - V.Vittoria Jewels\",\"isPartOf\":{\"@id\":\"https:\/\/vvittoriajewels.com\/#website\"},\"datePublished\":\"2018-07-16T16:17:48+00:00\",\"dateModified\":\"2023-01-17T20:16:50+00:00\",\"breadcrumb\":{\"@id\":\"https:\/\/vvittoriajewels.com\/?page_id=60#breadcrumb\"},\"inLanguage\":\"en-US\",\"potentialAction\":[{\"@type\":\"ReadAction\",\"target\":[\"https:\/\/vvittoriajewels.com\/?page_id=60\"]}]},{\"@type\":\"BreadcrumbList\",\"@id\":\"https:\/\/vvittoriajewels.com\/?page_id=60#breadcrumb\",\"itemListElement\":[{\"@type\":\"ListItem\",\"position\":1,\"name\":\"Home\",\"item\":\"https:\/\/vvittoriajewels.com\/\"},{\"@type\":\"ListItem\",\"position\":2,\"name\":\"About\"}]},{\"@type\":\"WebSite\",\"@id\":\"https:\/\/vvittoriajewels.com\/#website\",\"url\":\"https:\/\/vvittoriajewels.com\/\",\"name\":\"V.Vittoria Jewels\",\"description\":\"\",\"publisher\":{\"@id\":\"https:\/\/vvittoriajewels.com\/#organization\"},\"potentialAction\":[{\"@type\":\"SearchAction\",\"target\":{\"@type\":\"EntryPoint\",\"urlTemplate\":\"https:\/\/vvittoriajewels.com\/?s={search_term_string}\"},\"query-input\":\"required name=search_term_string\"}],\"inLanguage\":\"en-US\"},{\"@type\":\"Organization\",\"@id\":\"https:\/\/vvittoriajewels.com\/#organization\",\"name\":\"V.Vittoria Jewels\",\"url\":\"https:\/\/vvittoriajewels.com\/\",\"logo\":{\"@type\":\"ImageObject\",\"inLanguage\":\"en-US\",\"@id\":\"https:\/\/vvittoriajewels.com\/#\/schema\/logo\/image\/\",\"url\":\"https:\/\/vvittoriajewels.com\/wp-content\/uploads\/2023\/01\/Vittoria-jewels-1024-\u00d7-178-px-2.png\",\"contentUrl\":\"https:\/\/vvittoriajewels.com\/wp-content\/uploads\/2023\/01\/Vittoria-jewels-1024-\u00d7-178-px-2.png\",\"width\":1024,\"height\":178,\"caption\":\"V.Vittoria Jewels\"},\"image\":{\"@id\":\"https:\/\/vvittoriajewels.com\/#\/schema\/logo\/image\/\"}}]}<\/script>\n<!-- \/ Yoast SEO plugin. -->","yoast_head_json":{"title":"About - V.Vittoria Jewels","robots":{"index":"index","follow":"follow","max-snippet":"max-snippet:-1","max-image-preview":"max-image-preview:large","max-video-preview":"max-video-preview:-1"},"canonical":"https:\/\/vvittoriajewels.com\/?page_id=60","og_locale":"en_US","og_type":"article","og_title":"About - V.Vittoria Jewels","og_description":"CHI SIAMO V.vittoria \u00e8 una piccola ed elegante boutique che vende gioielli tutti made in italy che vestono chi li indossa, catturando l&#8217;attenzione di chi li guarda, manifestando l&#8217;eleganza con gioglielli essenziali ma abbastanza audaci da farsi notare, capaci di essere indossati ogni giorno, in due parole cerchiamo di essere una espressione di femminilit\u00e0 e [&hellip;]","og_url":"https:\/\/vvittoriajewels.com\/?page_id=60","og_site_name":"V.Vittoria Jewels","article_modified_time":"2023-01-17T20:16:50+00:00","twitter_card":"summary_large_image","twitter_misc":{"Est. reading time":"1 minute"},"schema":{"@context":"https:\/\/schema.org","@graph":[{"@type":"WebPage","@id":"https:\/\/vvittoriajewels.com\/?page_id=60","url":"https:\/\/vvittoriajewels.com\/?page_id=60","name":"About - V.Vittoria Jewels","isPartOf":{"@id":"https:\/\/vvittoriajewels.com\/#website"},"datePublished":"2018-07-16T16:17:48+00:00","dateModified":"2023-01-17T20:16:50+00:00","breadcrumb":{"@id":"https:\/\/vvittoriajewels.com\/?page_id=60#breadcrumb"},"inLanguage":"en-US","potentialAction":[{"@type":"ReadAction","target":["https:\/\/vvittoriajewels.com\/?page_id=60"]}]},{"@type":"BreadcrumbList","@id":"https:\/\/vvittoriajewels.com\/?page_id=60#breadcrumb","itemListElement":[{"@type":"ListItem","position":1,"name":"Home","item":"https:\/\/vvittoriajewels.com\/"},{"@type":"ListItem","position":2,"name":"About"}]},{"@type":"WebSite","@id":"https:\/\/vvittoriajewels.com\/#website","url":"https:\/\/vvittoriajewels.com\/","name":"V.Vittoria Jewels","description":"","publisher":{"@id":"https:\/\/vvittoriajewels.com\/#organization"},"potentialAction":[{"@type":"SearchAction","target":{"@type":"EntryPoint","urlTemplate":"https:\/\/vvittoriajewels.com\/?s={search_term_string}"},"query-input":"required name=search_term_string"}],"inLanguage":"en-US"},{"@type":"Organization","@id":"https:\/\/vvittoriajewels.com\/#organization","name":"V.Vittoria Jewels","url":"https:\/\/vvittoriajewels.com\/","logo":{"@type":"ImageObject","inLanguage":"en-US","@id":"https:\/\/vvittoriajewels.com\/#\/schema\/logo\/image\/","url":"https:\/\/vvittoriajewels.com\/wp-content\/uploads\/2023\/01\/Vittoria-jewels-1024-\u00d7-178-px-2.png","contentUrl":"https:\/\/vvittoriajewels.com\/wp-content\/uploads\/2023\/01\/Vittoria-jewels-1024-\u00d7-178-px-2.png","width":1024,"height":178,"caption":"V.Vittoria Jewels"},"image":{"@id":"https:\/\/vvittoriajewels.com\/#\/schema\/logo\/image\/"}}]}},"_links":{"self":[{"href":"https:\/\/vvittoriajewels.com\/index.php?rest_route=\/wp\/v2\/pages\/60"}],"collection":[{"href":"https:\/\/vvittoriajewels.com\/index.php?rest_route=\/wp\/v2\/pages"}],"about":[{"href":"https:\/\/vvittoriajewels.com\/index.php?rest_route=\/wp\/v2\/types\/page"}],"author":[{"embeddable":true,"href":"https:\/\/vvittoriajewels.com\/index.php?rest_route=\/wp\/v2\/users\/1"}],"replies":[{"embeddable":true,"href":"https:\/\/vvittoriajewels.com\/index.php?rest_route=%2Fwp%2Fv2%2Fcomments&post=60"}],"version-history":[{"count":9,"href":"https:\/\/vvittoriajewels.com\/index.php?rest_route=\/wp\/v2\/pages\/60\/revisions"}],"predecessor-version":[{"id":388,"href":"https:\/\/vvittoriajewels.com\/index.php?rest_route=\/wp\/v2\/pages\/60\/revisions\/388"}],"wp:attachment":[{"href":"https:\/\/vvittoriajewels.com\/index.php?rest_route=%2Fwp%2Fv2%2Fmedia&parent=60"}],"curies":[{"name":"wp","href":"https:\/\/api.w.org\/{rel}","templated":true}]}}